{"id":252,"date":"2020-05-05T15:37:33","date_gmt":"2020-05-05T15:37:33","guid":{"rendered":"http:\/\/danovysklad.cz\/?page_id=252"},"modified":"2020-05-05T15:37:33","modified_gmt":"2020-05-05T15:37:33","slug":"vse-co-je-potreba-mame","status":"publish","type":"page","link":"https:\/\/danovysklad.cz\/?page_id=252","title":{"rendered":"V\u0160E, CO JE POT\u0158EBA, M\u00c1ME"},"content":{"rendered":"<p>Na\u0161e spole\u010dnost je provozovatelem da\u0148ov\u00e9ho skladu v Most\u011b \u2013 Velebudic\u00edch. Jsme dr\u017eiteli koncese na prodej kvasn\u00e9ho lihu, konzumn\u00edho lihu a lihovin. M\u00e1me opr\u00e1vn\u011bn\u00ed zna\u010dkovat lihov\u00e9 n\u00e1poje kontroln\u00edmi p\u00e1skami (kolky) a tyto n\u00e1poje d\u00e1le uv\u00e1d\u011bt do voln\u00e9ho da\u0148ov\u00e9ho ob\u011bhu na \u00fazem\u00ed \u010cR. N\u00e1\u0161 da\u0148ov\u00fd sklad je \u0159\u00e1dn\u011b registrov\u00e1n u st\u00e1tn\u00edch org\u00e1n\u016f a taky na\u0161e spole\u010dnost je registrov\u00e1na jako provozovatel da\u0148ov\u00e9ho skladu u p\u0159\u00edslu\u0161n\u00fdch st\u00e1tn\u00edch org\u00e1n\u016f.<\/p>\n","protected":false},"excerpt":{"rendered":"<p>Na\u0161e spole\u010dnost je provozovatelem da\u0148ov\u00e9ho skladu v Most\u011b \u2013 Velebudic\u00edch. Jsme dr\u017eiteli koncese na prodej kvasn\u00e9ho lihu, konzumn\u00edho lihu a lihovin. M\u00e1me opr\u00e1vn\u011bn\u00ed zna\u010dkovat lihov\u00e9 n\u00e1poje kontroln\u00edmi p\u00e1skami (kolky) a tyto n\u00e1poje d\u00e1le uv\u00e1d\u011bt do voln\u00e9ho da\u0148ov\u00e9ho ob\u011bhu na \u00fazem\u00ed \u010cR. N\u00e1\u0161 da\u0148ov\u00fd sklad je \u0159\u00e1dn\u011b registrov\u00e1n u st\u00e1tn\u00edch org\u00e1n\u016f a taky na\u0161e spole\u010dnost je [&hellip;]<\/p>\n","protected":false},"author":3,"featured_media":0,"parent":0,"menu_order":0,"comment_status":"closed","ping_status":"closed","template":"","meta":[],"_links":{"self":[{"href":"https:\/\/danovysklad.cz\/index.php?rest_route=\/wp\/v2\/pages\/252"}],"collection":[{"href":"https:\/\/danovysklad.cz\/index.php?rest_route=\/wp\/v2\/pages"}],"about":[{"href":"https:\/\/danovysklad.cz\/index.php?rest_route=\/wp\/v2\/types\/page"}],"author":[{"embeddable":true,"href":"https:\/\/danovysklad.cz\/index.php?rest_route=\/wp\/v2\/users\/3"}],"replies":[{"embeddable":true,"href":"https:\/\/danovysklad.cz\/index.php?rest_route=%2Fwp%2Fv2%2Fcomments&post=252"}],"version-history":[{"count":1,"href":"https:\/\/danovysklad.cz\/index.php?rest_route=\/wp\/v2\/pages\/252\/revisions"}],"predecessor-version":[{"id":253,"href":"https:\/\/danovysklad.cz\/index.php?rest_route=\/wp\/v2\/pages\/252\/revisions\/253"}],"wp:attachment":[{"href":"https:\/\/danovysklad.cz\/index.php?rest_route=%2Fwp%2Fv2%2Fmedia&parent=252"}],"curies":[{"name":"wp","href":"https:\/\/api.w.org\/{rel}","templated":true}]}}