{"id":60,"date":"2014-12-02T23:41:17","date_gmt":"2014-12-02T23:41:17","guid":{"rendered":"http:\/\/danovysklad.cz\/?page_id=60"},"modified":"2020-04-17T18:12:13","modified_gmt":"2020-04-17T18:12:13","slug":"stranka-1","status":"publish","type":"page","link":"https:\/\/danovysklad.cz\/?page_id=60","title":{"rendered":"Provoz da\u0148ov\u00e9ho skladu"},"content":{"rendered":"<p>Celn\u00ed \u00fa\u0159ad pro hlavn\u00ed m\u011bsto Prahu, v\u011bcn\u011b a m\u00edstn\u011b p\u0159\u00edslu\u0161n\u00fd spr\u00e1vn\u00ed org\u00e1n podle \u00a7 6 a 8 z\u00e1kona \u010d.17\/2012 Sb., o Celn\u00ed spr\u00e1v\u011b \u010cesk\u00e9 republiky, ve zn\u011bn\u00ed pozd\u011bj\u0161\u00edch p\u0159edpis\u016f a podle \u00a7 1 odst. 3 a \u00a7 20 z\u00e1kona \u010d. 353\/2003 Sb., o spot\u0159ebn\u00edch dan\u00edch, ve zn\u011bn\u00ed pozd\u011bj\u0161\u00edch p\u0159edpis\u016f (d\u00e1le jen \u201ez\u00e1kon o spot\u0159ebn\u00edch dan\u00edch\u201c), p\u0159ijal n\u00e1vrh na\u0161\u00ed spole\u010dnosti na vyd\u00e1n\u00ed povolen\u00ed k provozov\u00e1n\u00ed da\u0148ov\u00e9ho skladu dle \u00a7 20 z\u00e1kona o spot\u0159ebn\u00edch dan\u00edch. Spr\u00e1vce dan\u011b po sezn\u00e1men\u00ed se s n\u00e1vrhem a souvisej\u00edc\u00edm spisov\u00fdm materi\u00e1lem, po dopln\u011bn\u00ed po\u017eadovan\u00fdch \u00fadaj\u016f, po prov\u011b\u0159en\u00ed uv\u00e1d\u011bn\u00fdch skute\u010dnost\u00ed v r\u00e1mci m\u00edstn\u00edho \u0161et\u0159en\u00ed Celn\u00edho \u00fa\u0159adu pro \u00dasteck\u00fd kraj \u2013 da\u0148ov\u00e9ho odd\u011blen\u00ed Most Velebudice &#8211; a po zaji\u0161t\u011bn\u00ed dan\u011b podle p\u0159edpokl\u00e1dan\u00e9ho ro\u010dn\u00edho objemu p\u0159ij\u00edman\u00fdch a skladovan\u00fdch vybran\u00fdch v\u00fdrobk\u016f s pou\u017eit\u00edm ustanoven\u00ed \u00a7 101 da\u0148ov\u00e9ho \u0159\u00e1du a podle ustanoven\u00ed \u00a7 20 odst. 6, 9 a 10 z\u00e1kona o spot\u0159ebn\u00edch dan\u00edch vydal na\u0161\u00ed spole\u010dnosti povolen\u00ed k provozov\u00e1n\u00ed distribu\u010dn\u00edho da\u0148ov\u00e9ho skladu na adrese Obchodn\u00ed 23, 434 01 Most, podniku, ve kter\u00e9m za podm\u00ednek stanoven\u00fdch z\u00e1konem o spot\u0159ebn\u00edch dan\u00edch vybran\u00e9 v\u00fdrobky podle ustanoven\u00ed \u00a7 19 odst. 2 p\u00edsm. b\/ z\u00e1kona o spot\u0159ebn\u00edch dan\u00edch skladujeme, p\u0159ij\u00edm\u00e1me a odes\u00edl\u00e1me, pokud z\u00e1kon o spot\u0159ebn\u00edch dan\u00edch nestanov\u00ed jinak.<\/p>\n<p>Celn\u00ed \u00fa\u0159ad pro hlavn\u00ed m\u011bsto Prahu n\u00e1m z\u00e1rove\u0148 v souladu s ustanoven\u00edm \u00a7 20 odst. 12 z\u00e1kona o spot\u0159ebn\u00edch dan\u00edch p\u0159id\u011blil eviden\u010dn\u00ed \u010d\u00edslo da\u0148ov\u00e9ho skladu CZ1409320S001 a vydal \u201eOsv\u011bd\u010den\u00ed o evidenci da\u0148ov\u00e9ho skladu\u201c \u010dj. 92852-18\/2014-510000-11. T\u00edmto okam\u017eikem jsme splnili jednu z dlouh\u00e9 \u0159ady podm\u00ednek pro to, abychom mohli b\u00fdt registrov\u00e1n\u00ed jako osoba povinn\u00e1 zna\u010dit l\u00edh a mohli za\u010d\u00edt dov\u00e1\u017eet alkohol, <b><a title=\"Kolkujeme lahve\" href=\"http:\/\/danovysklad.cz\/?page_id=62\">kolkovat ho<\/a><\/b> a prod\u00e1vat z\u00e1kazn\u00edk\u016fm.<\/p>\n","protected":false},"excerpt":{"rendered":"<p>Celn\u00ed \u00fa\u0159ad pro hlavn\u00ed m\u011bsto Prahu, v\u011bcn\u011b a m\u00edstn\u011b p\u0159\u00edslu\u0161n\u00fd spr\u00e1vn\u00ed org\u00e1n podle \u00a7 6 a 8 z\u00e1kona \u010d.17\/2012 Sb., o Celn\u00ed spr\u00e1v\u011b \u010cesk\u00e9 republiky, ve zn\u011bn\u00ed pozd\u011bj\u0161\u00edch p\u0159edpis\u016f a podle \u00a7 1 odst. 3 a \u00a7 20 z\u00e1kona \u010d. 353\/2003 Sb., o spot\u0159ebn\u00edch dan\u00edch, ve zn\u011bn\u00ed pozd\u011bj\u0161\u00edch p\u0159edpis\u016f (d\u00e1le jen \u201ez\u00e1kon o spot\u0159ebn\u00edch dan\u00edch\u201c), [&hellip;]<\/p>\n","protected":false},"author":1,"featured_media":0,"parent":0,"menu_order":0,"comment_status":"closed","ping_status":"closed","template":"","meta":[],"_links":{"self":[{"href":"https:\/\/danovysklad.cz\/index.php?rest_route=\/wp\/v2\/pages\/60"}],"collection":[{"href":"https:\/\/danovysklad.cz\/index.php?rest_route=\/wp\/v2\/pages"}],"about":[{"href":"https:\/\/danovysklad.cz\/index.php?rest_route=\/wp\/v2\/types\/page"}],"author":[{"embeddable":true,"href":"https:\/\/danovysklad.cz\/index.php?rest_route=\/wp\/v2\/users\/1"}],"replies":[{"embeddable":true,"href":"https:\/\/danovysklad.cz\/index.php?rest_route=%2Fwp%2Fv2%2Fcomments&post=60"}],"version-history":[{"count":24,"href":"https:\/\/danovysklad.cz\/index.php?rest_route=\/wp\/v2\/pages\/60\/revisions"}],"predecessor-version":[{"id":244,"href":"https:\/\/danovysklad.cz\/index.php?rest_route=\/wp\/v2\/pages\/60\/revisions\/244"}],"wp:attachment":[{"href":"https:\/\/danovysklad.cz\/index.php?rest_route=%2Fwp%2Fv2%2Fmedia&parent=60"}],"curies":[{"name":"wp","href":"https:\/\/api.w.org\/{rel}","templated":true}]}}